{"id":635,"date":"2023-08-30T21:35:14","date_gmt":"2023-08-30T21:35:14","guid":{"rendered":"https:\/\/www.mechtler-weine.at\/?post_type=product&#038;p=635"},"modified":"2023-08-30T21:37:28","modified_gmt":"2023-08-30T21:37:28","slug":"weinviertel-dac","status":"publish","type":"product","link":"https:\/\/www.mechtler-weine.at\/index.php\/product\/weinviertel-dac\/","title":{"rendered":"Weinviertel DAC"},"content":{"rendered":"<p><span style=\"font-size: 14.0pt; font-family: 'Arial Nova',sans-serif;\">Der Weinviertel DAC ist das Aush\u00e4ngeschild unseres Weinbaugebietes. Dieser besondere Wein der Sorte Gr\u00fcner Veltliner wird unter strengen Ma\u00dfnahmen produziert und geschmacklich sowie sensorisch gepr\u00fcft. Mit unserem DAC erhalten Sie einen jungen, fruchtigen, trocken ausgebauten Gr\u00fcnen Veltliner, der mit Stolz seine allseits bekannte pikant-pfeffrige Note tr\u00e4gt.<\/span><\/p>\n","protected":false},"excerpt":{"rendered":"<p>Das Aush\u00e4ngeschild unseres Weinbaugebietes.<\/p>\n","protected":false},"featured_media":570,"comment_status":"open","ping_status":"closed","template":"","meta":{"_monsterinsights_skip_tracking":false,"_monsterinsights_sitenote_active":false,"_monsterinsights_sitenote_note":"","_monsterinsights_sitenote_category":0,"site-sidebar-layout":"default","site-content-layout":"","ast-site-content-layout":"default","site-content-style":"default","site-sidebar-style":"default","ast-global-header-display":"","ast-banner-title-visibility":"","ast-main-header-display":"","ast-hfb-above-header-display":"","ast-hfb-below-header-display":"","ast-hfb-mobile-header-display":"","site-post-title":"","ast-breadcrumbs-content":"","ast-featured-img":"","footer-sml-layout":"","theme-transparent-header-meta":"default","adv-header-id-meta":"","stick-header-meta":"","header-above-stick-meta":"","header-main-stick-meta":"","header-below-stick-meta":"","astra-migrate-meta-layouts":"set"},"product_cat":[20],"product_tag":[],"class_list":["post-635","product","type-product","status-publish","has-post-thumbnail","hentry","product_cat-weine","desktop-align-left","tablet-align-left","mobile-align-left"],"_links":{"self":[{"href":"https:\/\/www.mechtler-weine.at\/index.php\/wp-json\/wp\/v2\/product\/635","targetHints":{"allow":["GET"]}}],"collection":[{"href":"https:\/\/www.mechtler-weine.at\/index.php\/wp-json\/wp\/v2\/product"}],"about":[{"href":"https:\/\/www.mechtler-weine.at\/index.php\/wp-json\/wp\/v2\/types\/product"}],"replies":[{"embeddable":true,"href":"https:\/\/www.mechtler-weine.at\/index.php\/wp-json\/wp\/v2\/comments?post=635"}],"wp:featuredmedia":[{"embeddable":true,"href":"https:\/\/www.mechtler-weine.at\/index.php\/wp-json\/wp\/v2\/media\/570"}],"wp:attachment":[{"href":"https:\/\/www.mechtler-weine.at\/index.php\/wp-json\/wp\/v2\/media?parent=635"}],"wp:term":[{"taxonomy":"product_cat","embeddable":true,"href":"https:\/\/www.mechtler-weine.at\/index.php\/wp-json\/wp\/v2\/product_cat?post=635"},{"taxonomy":"product_tag","embeddable":true,"href":"https:\/\/www.mechtler-weine.at\/index.php\/wp-json\/wp\/v2\/product_tag?post=635"}],"curies":[{"name":"wp","href":"https:\/\/api.w.org\/{rel}","templated":true}]}}