{"id":634,"date":"2023-08-30T21:16:53","date_gmt":"2023-08-30T21:16:53","guid":{"rendered":"https:\/\/www.mechtler-weine.at\/?post_type=product&#038;p=634"},"modified":"2023-08-30T21:37:58","modified_gmt":"2023-08-30T21:37:58","slug":"riesling","status":"publish","type":"product","link":"https:\/\/www.mechtler-weine.at\/index.php\/product\/riesling\/","title":{"rendered":"Riesling"},"content":{"rendered":"<p><span style=\"font-size: 14.0pt; font-family: 'Arial Nova',sans-serif;\">Mit unserem Riesling kaufen Sie einen jungen, lebendigen und mit einer charmanten S\u00e4ure ausgestatteten Wein, der aber auch gro\u00dfe Zukunftsaussichten hat, da er halbtrocken ausgebaut wurde. Der zart verbliebene Restzucker wurde w\u00e4hrend der Reife im Stahltank der ideale Begleiter f\u00fcr den so typischen an Steinobst angelehnten Geschmack und rundet ihn perfekt ab. Der K\u00f6nig der Wei\u00dfweine, so wie er international bekannt ist, darf in keinem Sortiment fehlen. Unser Riesling 2021 reiht sich hier elegant ein.<\/span><\/p>\n","protected":false},"excerpt":{"rendered":"<p>Mit unserem Riesling kaufen Sie einen jungen, lebendigen und mit einer charmanten S\u00e4ure ausgestatteten Wein, der aber auch gro\u00dfe Zukunftsaussichten hat, da er halbtrocken ausgebaut wurde. Der zart verbliebene Restzucker wurde w\u00e4hrend der Reife im Stahltank der ideale Begleiter f\u00fcr den so typischen an Steinobst angelehnten Geschmack und rundet ihn perfekt ab. Der K\u00f6nig der &hellip;<\/p>\n<p class=\"read-more\"> <a class=\"\" href=\"https:\/\/www.mechtler-weine.at\/index.php\/product\/riesling\/\"> <span class=\"screen-reader-text\">Riesling<\/span> Read More &raquo;<\/a><\/p>\n","protected":false},"featured_media":566,"comment_status":"open","ping_status":"closed","template":"","meta":{"_monsterinsights_skip_tracking":false,"_monsterinsights_sitenote_active":false,"_monsterinsights_sitenote_note":"","_monsterinsights_sitenote_category":0,"site-sidebar-layout":"default","site-content-layout":"","ast-site-content-layout":"default","site-content-style":"default","site-sidebar-style":"default","ast-global-header-display":"","ast-banner-title-visibility":"","ast-main-header-display":"","ast-hfb-above-header-display":"","ast-hfb-below-header-display":"","ast-hfb-mobile-header-display":"","site-post-title":"","ast-breadcrumbs-content":"","ast-featured-img":"","footer-sml-layout":"","theme-transparent-header-meta":"default","adv-header-id-meta":"","stick-header-meta":"","header-above-stick-meta":"","header-main-stick-meta":"","header-below-stick-meta":"","astra-migrate-meta-layouts":"set"},"product_cat":[20],"product_tag":[],"class_list":["post-634","product","type-product","status-publish","has-post-thumbnail","hentry","product_cat-weine","desktop-align-left","tablet-align-left","mobile-align-left"],"_links":{"self":[{"href":"https:\/\/www.mechtler-weine.at\/index.php\/wp-json\/wp\/v2\/product\/634","targetHints":{"allow":["GET"]}}],"collection":[{"href":"https:\/\/www.mechtler-weine.at\/index.php\/wp-json\/wp\/v2\/product"}],"about":[{"href":"https:\/\/www.mechtler-weine.at\/index.php\/wp-json\/wp\/v2\/types\/product"}],"replies":[{"embeddable":true,"href":"https:\/\/www.mechtler-weine.at\/index.php\/wp-json\/wp\/v2\/comments?post=634"}],"wp:featuredmedia":[{"embeddable":true,"href":"https:\/\/www.mechtler-weine.at\/index.php\/wp-json\/wp\/v2\/media\/566"}],"wp:attachment":[{"href":"https:\/\/www.mechtler-weine.at\/index.php\/wp-json\/wp\/v2\/media?parent=634"}],"wp:term":[{"taxonomy":"product_cat","embeddable":true,"href":"https:\/\/www.mechtler-weine.at\/index.php\/wp-json\/wp\/v2\/product_cat?post=634"},{"taxonomy":"product_tag","embeddable":true,"href":"https:\/\/www.mechtler-weine.at\/index.php\/wp-json\/wp\/v2\/product_tag?post=634"}],"curies":[{"name":"wp","href":"https:\/\/api.w.org\/{rel}","templated":true}]}}